{"id":4075,"date":"2023-03-07T15:08:11","date_gmt":"2023-03-07T14:08:11","guid":{"rendered":"https:\/\/www.transparence-cacao.com\/legal-disclaimer\/"},"modified":"2025-08-08T09:41:14","modified_gmt":"2025-08-08T07:41:14","slug":"mentions-legales","status":"publish","type":"page","link":"https:\/\/www.transparence-cacao.com\/fr\/mentions-legales\/","title":{"rendered":"Mentions l\u00e9gales"},"content":{"rendered":"<h2>ARTICLE 1 \u2013 EDITEUR DU SITE ET HEBERGEMENT<\/h2>\n<p>Le site www.transparence-cacao.fr (ci-apr\u00e8s d\u00e9sign\u00e9 le \u00ab Site \u00bb) est \u00e9dit\u00e9 par la Soci\u00e9t\u00e9 C\u00e9moi Chocolatier Soci\u00e9t\u00e9 par Actions Simplifi\u00e9e au capital de 17 421 925 \u20ac, dont le si\u00e8ge social est situ\u00e9 2980, avenue Julien Panchot \u2013 66968 Perpignan Cedex 9, immatricul\u00e9e au RCS de Perpignan sous le num\u00e9ro 564 202 166, agissant en son nom propre (ci-apr\u00e8s d\u00e9sign\u00e9e \u00ab Soci\u00e9t\u00e9 \u00e9ditrice \u00bb).<br \/>T\u00e9l\u00e9phone : 04 68 56 35 35<br \/>Mail : contact@cemoi.fr<br \/>N\u00b0 T.V.A : FR 66 564 202 166<br \/>Le Directeur de sa Publication est Julie Trandafir.<\/p>\n<h3>HEBERGEUR DU SITE<\/h3>\n<p>Le site web est h\u00e9berg\u00e9 par CLARANET SAS<br \/>18-20, rue du Faubourg du Temple<br \/>75011 Paris<br \/>RCS de Paris B 419 632 286<br \/>0810 278 385<br \/><a href=\"http:\/\/www.claranet.fr\">www.claranet.fr<\/a><\/p>\n<h2>ARTICLE 2 \u2013 ACC\u00c8S AU SITE<\/h2>\n<p>La navigation sur le Site est libre et gratuite.<br \/>La Soci\u00e9t\u00e9 C\u00e9moi Chocolatier se r\u00e9serve le droit quelle qu\u2019en soit la raison et \u00e0 sa seule discr\u00e9tion, de r\u00e9silier, de modifier, de suspendre ou d\u2019interrompre l\u2019acc\u00e8s \u00e0 tout ou partie du site, y compris notamment son contenu, ses fonctionnalit\u00e9s ou ses heures de disponibilit\u00e9 sans avis pr\u00e9alable.<\/p>\n<h2>ARTICLE 3 \u2013 RESPECT DES DROITS DE PROPRIETE INTELLECTUELLE<\/h2>\n<p>Le pr\u00e9sent Site et l\u2019ensemble de son contenu (notamment mais \u00e0 titre non exhaustif : les marques commerciales, logos, visuels, cr\u00e9ations, \u00e9l\u00e9ments graphiques, textuels et informatiques du Site, illustrations et photographies) sont prot\u00e9g\u00e9s par des droits de propri\u00e9t\u00e9 intellectuelle. Il est de ce fait strictement interdit d\u2019utiliser, de distribuer, de copier, de reproduire, de modifier, d\u00e9naturer ou transmettre le Site ou tout \u00e9l\u00e9ment du Site tels que textes, images ou sons, sans l\u2019autorisation \u00e9crite pr\u00e9alable de la Soci\u00e9t\u00e9 C\u00e9moi Chocolatier. Les marques et logos figurant sur le Site sont la propri\u00e9t\u00e9 de la Soci\u00e9t\u00e9 C\u00e9moi Chocolatier ou font l\u2019objet d\u2019une autorisation d\u2019utilisation. Aucun droit ou licence ne saurait \u00eatre attribu\u00e9 sur l\u2019un quelconque de ces \u00e9l\u00e9ments sans l\u2019autorisation \u00e9crite et pr\u00e9alable de la Soci\u00e9t\u00e9 C\u00e9moi Chocolatier ou du tiers d\u00e9tenteur des droits de la marque ou du logo figurant sur le Site. La Soci\u00e9t\u00e9 C\u00e9moi Chocolatier se r\u00e9serve le droit d\u2019engager toute action sur le fondement de ses droits de propri\u00e9t\u00e9 intellectuelle, y compris sur le plan p\u00e9nal.<\/p>\n<h2>ARTICLE 4 \u2013 UTILISATION DES DONNEES PERSONNELLES<\/h2>\n<h3>A \u2013 LOI INFORMATIQUE ET LIBERTE<\/h3>\n<p>La Soci\u00e9t\u00e9 Editrice est susceptible de collecter des donn\u00e9es \u00e0 caract\u00e8re personnel lors de son inscription \u00e0 la Newsletter. Les donn\u00e9es collect\u00e9es (notamment nom, pr\u00e9nom, adresse postale, date de naissance et adresse \u00e9lectronique) sont obligatoires pour recevoir la Newsletter. Elles sont destin\u00e9es \u00e0 la Soci\u00e9t\u00e9 Editrice aux seules fins de l\u2019ex\u00e9cution des services propos\u00e9s par le Site. Elles peuvent \u00eatre transmises aux sous-traitants ou prestataires auxquels la Soci\u00e9t\u00e9 Editrice fait appel dans le cadre des traitements automatis\u00e9s aux fins ci-dessus expos\u00e9es.<br \/>Par ailleurs, certaines donn\u00e9es pourront \u00eatre diffus\u00e9es sur le Site dans le cadre des activit\u00e9s propos\u00e9es par le Site (notamment pr\u00e9nom, \u00e2ge, photo, d\u00e9partement). L\u2019Utilisateur donne son accord pour la diffusion de telles donn\u00e9es lors de sa participation \u00e0 l\u2019activit\u00e9 concern\u00e9e.<br \/>Conform\u00e9ment \u00e0 la loi Informatique et Libert\u00e9 n\u00b0 78-17 du 6 janvier 1978 modifi\u00e9e, les utilisateurs ainsi que leur repr\u00e9sentant l\u00e9gal s\u2019ils sont mineurs, b\u00e9n\u00e9ficient d\u2019un droit d\u2019acc\u00e8s, de rectification, ou de suppression portant sur les donn\u00e9es personnelles collect\u00e9es par la Soci\u00e9t\u00e9 organisatrice. Pour exercer ce droit l\u2019Utilisateur peut s\u2019adresser \u00e0 la Soci\u00e9t\u00e9 Editrice :<\/p>\n<p>Par mail \u00e0 l\u2019adresse contact@cemoi.fr<br \/>Par \u00e9crit \u00e0 l\u2019adresse postale suivante : Soci\u00e9t\u00e9 C\u00e9moi Chocolatier, Site Transparence Cacao, 2980 avenue Julien Panchot \u2013 66968 Perpignan Cedex 9.<\/p>\n<h3>B \u2013 UTILISATION DES ADRESSES IP<\/h3>\n<p>L\u2019adresse IP est l\u2019identifiant num\u00e9raire qui est automatiquement assign\u00e9 \u00e0 tout ordinateur par son fournisseur d\u2019acc\u00e8s Internet.<br \/>Cette adresse sera enregistr\u00e9e de fait suite \u00e0 la consultation des pages du Site transparence-cacao.fr<br \/>La Soci\u00e9t\u00e9 Editrice collecte les adresses IP pour g\u00e9rer son propre syst\u00e8me informatique et pour analyser l\u2019utilisation faite de son Site. Elles ne sont rattach\u00e9es \u00e0 aucune information \u00e0 caract\u00e8re personnel, ce qui signifie que les consultations sont enregistr\u00e9es mais que l\u2019anonymat de chaque utilisateur est respect\u00e9.<\/p>\n<h3>C \u2013 L\u2019EMAIL PUBLICITAIRE<\/h3>\n<p>Au moment o\u00f9 l\u2019internaute renseigne son adresse mail sur le Site via son inscription \u00e0 la Newsletter ou lors de la participation \u00e0 un jeu concours, il peut donner son accord pour recevoir toutes les offres de la Soci\u00e9t\u00e9 Editrice ou les offres de ses partenaires. L\u2019abonnement \u00e0 la Newsletter permet de recevoir toutes les offres de la Soci\u00e9t\u00e9 Editrice.<br \/>A la fin de chaque mail publicitaire ou Newsletter envoy\u00e9 par la Soci\u00e9t\u00e9 Editrice, l\u2019utilisateur observe la possibilit\u00e9 de refuser tout prochain mail \u00e0 caract\u00e8re publicitaire ou de se d\u00e9sabonner de la Newsletter par un simple clic. Il lui est \u00e9galement possible de se d\u00e9sabonner \u00e0 tout moment et gratuitement en effectuant sa demande par mail \u00e0 l\u2019adresse suivante : contact@cemoi.fr<\/p>\n<h3>D \u2013 UTILISATION DES COOKIES<\/h3>\n<p>Pour g\u00e9rer l\u2019int\u00e9grit\u00e9 de la connexion, un cookie de session est utilis\u00e9. Il s\u2019autod\u00e9truit et n\u2019enregistre aucune information sur l\u2019ordinateur de l\u2019utilisateur.<\/p>\n<h2>ARTICLE 5 \u2013 EXCLUSION DE RESPONSABILIT\u00c9<\/h2>\n<p>La Soci\u00e9t\u00e9 C\u00e9moi Chocolatier et toute autre partie intervenant en relation avec le Site ne saurait \u00eatre tenue responsable de tous dommages qui pourraient r\u00e9sulter de l\u2019acc\u00e8s ou de l\u2019utilisation du Site ou des informations y figurant, notamment en cas de d\u00e9t\u00e9riorations ou virus qui pourraient infecter l\u2019\u00e9quipement informatique ou tout autre bien de l\u2019utilisateur.<br \/>Bien que la Soci\u00e9t\u00e9 C\u00e9moi Chocolatier s\u2019efforce raisonnablement de mettre \u00e0 jour les informations pr\u00e9cises publi\u00e9es sur le Site, elle ne saurait \u00eatre tenue pour responsable de toute erreur ou omission.<\/p>\n<h2>ARTICLE 6 \u2013 CREDITS PHOTOS<\/h2>\n<p>Jupiter-images \/ Fotolia \/ getty \/ Shutterstock<\/p>\n","protected":false},"excerpt":{"rendered":"<p>ARTICLE 1 \u2013 EDITEUR DU SITE ET HEBERGEMENT Le site www.transparence-cacao.fr (ci-apr\u00e8s d\u00e9sign\u00e9 le \u00ab Site \u00bb) est \u00e9dit\u00e9 par la Soci\u00e9t\u00e9 C\u00e9moi Chocolatier Soci\u00e9t\u00e9 par Actions Simplifi\u00e9e au capital de 17 421 925 \u20ac, dont le si\u00e8ge social est situ\u00e9 2980, avenue Julien Panchot \u2013 66968 Perpignan Cedex 9, immatricul\u00e9e au RCS de Perpignan [&hellip;]<\/p>\n","protected":false},"author":3,"featured_media":66,"parent":0,"menu_order":10,"comment_status":"closed","ping_status":"closed","template":"","meta":{"_et_pb_use_builder":"","_et_pb_old_content":"","_et_gb_content_width":"","inline_featured_image":false,"footnotes":""},"class_list":["post-4075","page","type-page","status-publish","has-post-thumbnail","hentry"],"_links":{"self":[{"href":"https:\/\/www.transparence-cacao.com\/fr\/wp-json\/wp\/v2\/pages\/4075","targetHints":{"allow":["GET"]}}],"collection":[{"href":"https:\/\/www.transparence-cacao.com\/fr\/wp-json\/wp\/v2\/pages"}],"about":[{"href":"https:\/\/www.transparence-cacao.com\/fr\/wp-json\/wp\/v2\/types\/page"}],"author":[{"embeddable":true,"href":"https:\/\/www.transparence-cacao.com\/fr\/wp-json\/wp\/v2\/users\/3"}],"replies":[{"embeddable":true,"href":"https:\/\/www.transparence-cacao.com\/fr\/wp-json\/wp\/v2\/comments?post=4075"}],"version-history":[{"count":4,"href":"https:\/\/www.transparence-cacao.com\/fr\/wp-json\/wp\/v2\/pages\/4075\/revisions"}],"predecessor-version":[{"id":6556,"href":"https:\/\/www.transparence-cacao.com\/fr\/wp-json\/wp\/v2\/pages\/4075\/revisions\/6556"}],"wp:featuredmedia":[{"embeddable":true,"href":"https:\/\/www.transparence-cacao.com\/fr\/wp-json\/wp\/v2\/media\/66"}],"wp:attachment":[{"href":"https:\/\/www.transparence-cacao.com\/fr\/wp-json\/wp\/v2\/media?parent=4075"}],"curies":[{"name":"wp","href":"https:\/\/api.w.org\/{rel}","templated":true}]}}