{"id":4081,"date":"2023-03-07T15:20:32","date_gmt":"2023-03-07T14:20:32","guid":{"rendered":"https:\/\/www.transparence-cacao.com\/privacy-policy\/"},"modified":"2025-08-08T09:15:01","modified_gmt":"2025-08-08T07:15:01","slug":"politique-de-confidentialite","status":"publish","type":"page","link":"https:\/\/www.transparence-cacao.com\/fr\/politique-de-confidentialite\/","title":{"rendered":"Politique de confidentialit\u00e9"},"content":{"rendered":"<p>La soci\u00e9t\u00e9 C\u00e9moi Chocolatier, SAS au capital de 17 421 925 \u20ac immatricul\u00e9e au RCS de Perpignan sous le num\u00e9ro 564 202 166 dont le si\u00e8ge social est sis 2 980 Avenue Julien Panchot 66 968 Perpignan en sa qualit\u00e9 de responsable de traitement de vos donn\u00e9es personnelles accorde une grande importance au respect de ces derni\u00e8res. Notre groupe, sp\u00e9cialis\u00e9 dans la fourniture de produits \u00e0 base de chocolat est soucieux de la garantie de vos droits en la mati\u00e8re et ce conform\u00e9ment \u00e0 la r\u00e9glementation applicable (Loi n\u00b078-17 relative \u00e0 l\u2019informatique, aux fichiers et aux libert\u00e9s du 6 janvier 1978 modifi\u00e9e et R\u00e8glement g\u00e9n\u00e9ral sur la protection des donn\u00e9es personnelles (RGPD) n\u00b0 (UE) 2016\/679 du 27 avril 2016). Ce document a ainsi pour but de vous informer sur la mani\u00e8re dont sont collect\u00e9es et exploit\u00e9es les donn\u00e9es que vous nous nous transmettez lorsque vous visitez notre site institutionnel, notre boutique en ligne, participez aux jeux concours que nous organisons ou lors de votre inscription \u00e0 notre Newsletter.<\/p>\n<h2>1. Nature des donn\u00e9es collect\u00e9es ?<\/h2>\n<p>Les donn\u00e9es collect\u00e9es sont notamment vos nom, pr\u00e9nom, adresse postale, adresse de messagerie \u00e9lectronique, num\u00e9ro de t\u00e9l\u00e9phone, date de naissance, adresses IP et vos num\u00e9ros de carte de cr\u00e9dit.<\/p>\n<h2>2. Moment de la collecte ?<\/h2>\n<p>Vos donn\u00e9es sont collect\u00e9es au moment de :<\/p>\n<ul>\n<li>vos inscriptions \u00e0 notre Newsletter,<\/li>\n<li>vos inscriptions \u00e0 nos jeux concours,<\/li>\n<li>lorsque vous naviguez sur nos sites,<\/li>\n<li>lorsque vous cr\u00e9ez un compte,<\/li>\n<li>lorsque vous effectuez un achat sur notre boutique en ligne,<\/li>\n<li>lorsque vous effectuez des commentaires,<\/li>\n<li>lorsque vous effectuez des requ\u00eates de recherches,<\/li>\n<li>lorsque vous contactez notre service client<\/li>\n<\/ul>\n<p>Les informations nous sont transmises lorsque vous remplissez les champs d\u00e9di\u00e9s sur nos sites. S\u2019agissant de la Newsletter, vous pouvez donner votre accord pour recevoir toutes nos offres ou celles de nos partenaires. Vous pouvez vous d\u00e9sabonner \u00e0 tout moment et gratuitement en effectuant votre demande par e-mail \u00e0 l\u2019adresse suivante : contact@cemoi.fr. Cette facult\u00e9 vous sera rappel\u00e9e dans chacun de nos e-mails publicitaires. Lors de la consultation de nos sites, des informations relatives \u00e0 votre navigation sont susceptibles d\u2019\u00eatre enregistr\u00e9es dans des cookies install\u00e9s sur votre terminal sous r\u00e9serve de l\u2019expression de votre accord en cliquant sur le bandeau d\u00e9di\u00e9. Les cookies sont de petits fichiers texte qui peuvent \u00eatre lus par un serveur Web du domaine qui a plac\u00e9 le cookie sur votre disque dur. Pour plus d\u2019information s\u2019agissant de notre politique de gestion des cookies vous pouvez consulter l\u2019article 2.3 des mentions l\u00e9gales de notre site. Nous pouvons \u00e9galement obtenir vos coordonn\u00e9es et autres informations personnelles aupr\u00e8s de tiers lorsque vous accorder la permission sur notre site d\u2019acc\u00e9der \u00e0 vos donn\u00e9es par le biais d\u2019un r\u00e9seau social, ou par le biais de soci\u00e9t\u00e9s avec lesquels nous collaborons.<\/p>\n<h2>3. La mani\u00e8re dont nous g\u00e9rons vos donn\u00e9es personnelles ?<\/h2>\n<p>Vos donn\u00e9es \u00e0 caract\u00e8re personnel sont n\u00e9cessaires \u00e0 la finalit\u00e9 de la prestation que nous vous fournissons et elles ne sont pas utilis\u00e9es \u00e0 d\u2019autres finalit\u00e9s en l\u2019absence de votre accord. Elles nous permettent ainsi :<\/p>\n<ul>\n<li>de vous faire participer \u00e0 nos jeux concours ;<\/li>\n<li>de vous faire b\u00e9n\u00e9ficier d\u2019op\u00e9rations promotionnelles ;<\/li>\n<li>de vous informer des nouveaux produits et services que nous offrons ;<\/li>\n<li>de recueillir vos demandes et avis afin d\u2019am\u00e9liorer nos services ;<\/li>\n<li>d\u2019effectuer toute op\u00e9ration en lien avec la gestion de notre boutique en ligne (commandes, livraisons, factures, r\u00e8glements, litiges \u00e9ventuels) ;<\/li>\n<li>de g\u00e9rer vos demandes s\u2019agissant de vos droits en mati\u00e8re de gestion de vos donn\u00e9es \u00e0 caract\u00e8re personnel ;<\/li>\n<li>de vous autoriser l\u2019acc\u00e8s \u00e0 des espaces r\u00e9serv\u00e9s et personnels de nos sites tels que votre compte et de mettre en \u0153uvre les mesures de s\u00e9curit\u00e9 aff\u00e9rentes ;<\/li>\n<li>de m\u00e9moriser des informations relatives \u00e0 un formulaire que vous avez rempli sur nos sites (inscription \u00e0 votre compte, m\u00e9morisation de vos identifiants, etc\u2026) ou \u00e0 des produits ou informations que vous avez command\u00e9 et \/ ou consult\u00e9 sur nos sites (contenu du panier de commande, produits ajout\u00e9s au comparateur, etc\u2026),<\/li>\n<li>et de mettre en \u0153uvre les mesures de s\u00e9curit\u00e9 aff\u00e9rentes ;<\/li>\n<li>d\u2019adapter la pr\u00e9sentation de nos sites aux pr\u00e9f\u00e9rences d\u2019affichage de votre terminal (notamment langue utilis\u00e9e, devises utilis\u00e9es,) lors de votre navigation ;<\/li>\n<li>d\u2019\u00e9tablir des statistiques et volumes de fr\u00e9quentation et d\u2019utilisation des divers \u00e9l\u00e9ments composant nos sites (notamment pages consult\u00e9es et temps de navigation par pages), nous permettant d\u2019am\u00e9liorer l\u2019int\u00e9r\u00eat et l\u2019ergonomie de nos sites ;<\/li>\n<li>d\u2019\u00e9tablir des statistiques et un historique des demandes faites \u00e0 notre service client nous permettant d\u2019en am\u00e9liorer la qualit\u00e9<\/li>\n<\/ul>\n<h2>4. La mani\u00e8re dont vous g\u00e9rez vos donn\u00e9es personnelles ?<\/h2>\n<p>Vous pouvez personnaliser et g\u00e9rer vos pr\u00e9f\u00e9rences. Il vous est ainsi possible d\u2019acc\u00e9der, de modifier, mettre \u00e0 jour vos donn\u00e9es \u00e0 caract\u00e8re personnel, de les retirer ou de vous d\u00e9sabonner en utilisant les m\u00e9thodes de configurations qui vous sont offertes sur nos sites. Vous pouvez \u00e9galement contacter notre service client (service.consommateur@cemoi.fr) pour toute question li\u00e9e \u00e0 ces \u00e9l\u00e9ments et \u00e0 l\u2019adresse suivante (contactrgpd@cemoi.fr) s\u2019agissant de la gestion de vos donn\u00e9es personnelles. Lorsque nous agissons suivant votre accord et pr\u00e9f\u00e9rences pour traiter vos donn\u00e9es personnelles, vous avez le droit de retirer cet accord \u00e0 tout moment et lorsque nous fondons cette exploitation par des int\u00e9r\u00eats l\u00e9gitimes, vous avez le droit de vous y opposer.<\/p>\n<h2>5. Les destinataires de vos donn\u00e9es personnelles ?<\/h2>\n<p>Les donn\u00e9es \u00e0 caract\u00e8re personnel collect\u00e9es sur nos sites sont exclusivement destin\u00e9es au responsable de traitement et \u00e0 ses partenaires. Elles pourront \u00eatre transmises aux soci\u00e9t\u00e9s filiales du Groupe CEMOI, \u00e0 des sous-traitants ou des soci\u00e9t\u00e9s partenaires, pour la stricte r\u00e9alisation des finalit\u00e9s mentionn\u00e9es ci-dessus. Le responsable de traitement pourra partager vos donn\u00e9es \u00e0 caract\u00e8re personnel avec ses partenaires pour vous envoyer des informations sur leurs produits et services qui peuvent vous int\u00e9resser sous r\u00e9serve que cela soit pr\u00e9cis\u00e9 dans vos choix lorsque vous g\u00e9rer vos pr\u00e9f\u00e9rences de communication. Vos donn\u00e9es \u00e0 caract\u00e8re personnel pourront \u00eatre destin\u00e9es \u00e0 des tiers afin que le responsable de traitement :<\/p>\n<ul>\n<li>se conforme \u00e0 toute loi, r\u00e9glementation ou obligation l\u00e9gale en vigueur ;<\/li>\n<li>puisse r\u00e9soudre toute probl\u00e9matique de s\u00e9curit\u00e9, de fraude ou technique ;<\/li>\n<li>puisse prot\u00e9ger ses droits, ceux de ses salari\u00e9s ou clients ;<\/li>\n<li>dans le cadre d\u2019une fusion acquisition touchant le responsable de traitement.<\/li>\n<\/ul>\n<h2>6. Les lieux de stockage de vos donn\u00e9es personnelles et les mesures de s\u00e9curit\u00e9 associ\u00e9es ?<\/h2>\n<p>Vos donn\u00e9es \u00e0 caract\u00e8re personnel peuvent \u00eatre stock\u00e9es et trait\u00e9es en France ou dans un autre pays o\u00f9 une filiale ou s\u0153ur du responsable de traitement ou l\u2019un de ses prestataires est implant\u00e9 soit l\u2019Angleterre, l\u2019Allemagne, la Pologne, la C\u00f4te d\u2019Ivoire, l\u2019Espagne, le Portugal et les Etats-Unis. L\u2019exploitation de vos donn\u00e9es \u00e0 caract\u00e8re personnel dans ces pays reste conforme \u00e0 la r\u00e8glementation applicable par le biais des diligences prises par le responsable de traitement (en ce compris les engagements contractuels des sous-traitants \u00e0 cette fin). Des mesures techniques et organisationnelles sont prises par le responsable de traitement pour assurer la s\u00e9curit\u00e9 du traitement de vos donn\u00e9es \u00e0 caract\u00e8re personnel. Celles-ci permettent au responsable de traitement d\u2019assurer la confidentialit\u00e9, l\u2019int\u00e9grit\u00e9 et l\u2019accessibilit\u00e9 de vos donn\u00e9es personnelles.<\/p>\n<h2>7. La dur\u00e9e de conservation de vos donn\u00e9es personnelles ?<\/h2>\n<p>Vos donn\u00e9es \u00e0 caract\u00e8re personnel sont conserv\u00e9es aussi longtemps que n\u00e9cessaire pour vous fournir les services ou biens souhait\u00e9s, respecter les obligations l\u00e9gales auxquelles nous sommes soumis et assurer la s\u00e9curit\u00e9 de vos donn\u00e9es personnelles.<\/p>\n<h2>8. Vos droits en mati\u00e8re de donn\u00e9es personnelles ?<\/h2>\n<p>Nous nous engageons \u00e0 collecter, traiter, enregistrer et stocker vos donn\u00e9es personnelles selon les dispositions l\u00e9gales en vigueur. Conform\u00e9ment \u00e0 la Loi Informatique et Libert\u00e9 n\u00b0 78-17 du 6 janvier 1978, modifi\u00e9e par la loi RGPD (R\u00e8glement UE 2016\/679 du Parlement europ\u00e9en et du Conseil du 27 avril 2016 PARLEMENT EUROP\u00c9EN ET DU CONSEIL du 27 avril 2016) vous disposez :<\/p>\n<ul>\n<li>d\u2019un droit d\u2019acc\u00e8s \u00e0 vos donn\u00e9es \u00e0 caract\u00e8re personnel,<\/li>\n<li>du droit de les rectifier ou de les effacer,<\/li>\n<li>du droit de limiter leur traitement,<\/li>\n<li>du droit de vous opposer \u00e0 ce traitement,<\/li>\n<li>du droit \u00e0 la portabilit\u00e9 de vos donn\u00e9es personnelles (copie de ces derni\u00e8res),<\/li>\n<li>du droit d\u2019introduire une r\u00e9clamation aupr\u00e8s de la CNIL en cas de non-respect de ces droits.<\/li>\n<\/ul>\n<p>Ces droits peuvent \u00eatre exerc\u00e9s sur simple demande :<\/p>\n<ul>\n<li>Par mail \u00e0 l\u2019adresse : contactrgpd@cemoi.fr<\/li>\n<li>Par courrier \u00e0 l\u2019adresse postale suivante : Soci\u00e9t\u00e9 C\u00e9moi Chocolatier &#8211; Service Communication- 2980 avenue Julien Panchot \u2013 66968 Perpignan Cedex 9.<\/li>\n<\/ul>\n","protected":false},"excerpt":{"rendered":"<p>La soci\u00e9t\u00e9 C\u00e9moi Chocolatier, SAS au capital de 17 421 925 \u20ac immatricul\u00e9e au RCS de Perpignan sous le num\u00e9ro 564 202 166 dont le si\u00e8ge social est sis 2 980 Avenue Julien Panchot 66 968 Perpignan en sa qualit\u00e9 de responsable de traitement de vos donn\u00e9es personnelles accorde une grande importance au respect de [&hellip;]<\/p>\n","protected":false},"author":3,"featured_media":135,"parent":0,"menu_order":14,"comment_status":"closed","ping_status":"closed","template":"","meta":{"_et_pb_use_builder":"","_et_pb_old_content":"","_et_gb_content_width":"","inline_featured_image":false,"footnotes":""},"class_list":["post-4081","page","type-page","status-publish","has-post-thumbnail","hentry"],"_links":{"self":[{"href":"https:\/\/www.transparence-cacao.com\/fr\/wp-json\/wp\/v2\/pages\/4081","targetHints":{"allow":["GET"]}}],"collection":[{"href":"https:\/\/www.transparence-cacao.com\/fr\/wp-json\/wp\/v2\/pages"}],"about":[{"href":"https:\/\/www.transparence-cacao.com\/fr\/wp-json\/wp\/v2\/types\/page"}],"author":[{"embeddable":true,"href":"https:\/\/www.transparence-cacao.com\/fr\/wp-json\/wp\/v2\/users\/3"}],"replies":[{"embeddable":true,"href":"https:\/\/www.transparence-cacao.com\/fr\/wp-json\/wp\/v2\/comments?post=4081"}],"version-history":[{"count":4,"href":"https:\/\/www.transparence-cacao.com\/fr\/wp-json\/wp\/v2\/pages\/4081\/revisions"}],"predecessor-version":[{"id":6554,"href":"https:\/\/www.transparence-cacao.com\/fr\/wp-json\/wp\/v2\/pages\/4081\/revisions\/6554"}],"wp:featuredmedia":[{"embeddable":true,"href":"https:\/\/www.transparence-cacao.com\/fr\/wp-json\/wp\/v2\/media\/135"}],"wp:attachment":[{"href":"https:\/\/www.transparence-cacao.com\/fr\/wp-json\/wp\/v2\/media?parent=4081"}],"curies":[{"name":"wp","href":"https:\/\/api.w.org\/{rel}","templated":true}]}}